{"id":10,"date":"2023-10-31T13:47:17","date_gmt":"2023-10-31T16:47:17","guid":{"rendered":"https:\/\/cardioclinicadf.com.br\/?page_id=10"},"modified":"2024-03-11T15:33:30","modified_gmt":"2024-03-11T18:33:30","slug":"convenios","status":"publish","type":"page","link":"https:\/\/cardioclinicadf.com.br\/?page_id=10","title":{"rendered":"Conv\u00eanios"},"content":{"rendered":"\t\t<div data-elementor-type=\"wp-page\" data-elementor-id=\"10\" class=\"elementor elementor-10\" data-elementor-post-type=\"page\">\n\t\t\t\t<div class=\"elementor-element elementor-element-3a78d3f e-flex e-con-boxed e-con e-parent\" data-id=\"3a78d3f\" data-element_type=\"container\" data-e-type=\"container\">\n\t\t\t\t\t<div class=\"e-con-inner\">\n\t\t\t\t<div class=\"elementor-element elementor-element-8eeade4 elementor-widget elementor-widget-heading\" data-id=\"8eeade4\" data-element_type=\"widget\" data-e-type=\"widget\" data-widget_type=\"heading.default\">\n\t\t\t\t<div class=\"elementor-widget-container\">\n\t\t\t\t\t<h2 class=\"elementor-heading-title elementor-size-default\">Conv\u00eanios e Parcerias<\/h2>\t\t\t\t<\/div>\n\t\t\t\t<\/div>\n\t\t\t\t<div class=\"elementor-element elementor-element-dac348d elementor-widget__width-initial elementor-widget elementor-widget-text-editor\" data-id=\"dac348d\" data-element_type=\"widget\" data-e-type=\"widget\" data-widget_type=\"text-editor.default\">\n\t\t\t\t<div class=\"elementor-widget-container\">\n\t\t\t\t\t\t\t\t\t<p>A Cardiocl\u00ednica possui conv\u00eanio com diversas operadoras de planos de sa\u00fade, possibilitando o atendimento aos pacientes com servi\u00e7os de qualidade e de forma \u00e1gil. Entre em contato conosco e saiba mais sobre cada um deles, inclusive as especificidades de cada plano!<\/p>\t\t\t\t\t\t\t\t<\/div>\n\t\t\t\t<\/div>\n\t\t\t\t\t<\/div>\n\t\t\t\t<\/div>\n\t\t\t\t<section class=\"elementor-section elementor-top-section elementor-element elementor-element-d25d1ed elementor-section-boxed elementor-section-height-default elementor-section-height-default\" data-id=\"d25d1ed\" data-element_type=\"section\" data-e-type=\"section\" data-settings=\"{&quot;background_background&quot;:&quot;classic&quot;}\">\n\t\t\t\t\t\t<div class=\"elementor-container elementor-column-gap-default\">\n\t\t\t\t\t<div class=\"elementor-column elementor-col-100 elementor-top-column elementor-element elementor-element-0d87cd0\" data-id=\"0d87cd0\" data-element_type=\"column\" data-e-type=\"column\">\n\t\t\t<div class=\"elementor-widget-wrap elementor-element-populated\">\n\t\t\t\t\t\t<div class=\"elementor-element elementor-element-52667b1 premium-con-lq__glass1 premium-lq__none elementor-widget elementor-widget-jet-listing-grid\" data-id=\"52667b1\" data-element_type=\"widget\" data-e-type=\"widget\" data-settings=\"{&quot;columns&quot;:&quot;4&quot;,&quot;columns_mobile&quot;:&quot;1&quot;}\" data-widget_type=\"jet-listing-grid.default\">\n\t\t\t\t<div class=\"elementor-widget-container\">\n\t\t\t\t\t<div class=\"jet-listing-grid jet-listing-grid--lazy-load jet-listing jet-listing-grid-loading\" data-lazy-load=\"{&quot;offset&quot;:&quot;400px&quot;,&quot;post_id&quot;:10,&quot;queried_id&quot;:&quot;10|WP_Post&quot;}\"><div class=\"jet-listing-grid__loader\"><div class=\"jet-listing-grid__loader-spinner\"><\/div><\/div><\/div>\t\t\t\t<\/div>\n\t\t\t\t<\/div>\n\t\t\t\t\t<\/div>\n\t\t<\/div>\n\t\t\t\t\t<\/div>\n\t\t<\/section>\n\t\t\t\t<\/div>\n\t\t","protected":false},"excerpt":{"rendered":"<p>Conv\u00eanios e Parcerias A Cardiocl\u00ednica possui conv\u00eanio com diversas operadoras de planos de sa\u00fade, possibilitando o atendimento aos pacientes com servi\u00e7os de qualidade e de forma \u00e1gil. Entre em contato conosco e saiba mais sobre cada um deles, inclusive as especificidades de cada plano!<\/p>\n","protected":false},"author":1,"featured_media":0,"parent":0,"menu_order":0,"comment_status":"closed","ping_status":"closed","template":"","meta":{"footnotes":""},"class_list":["post-10","page","type-page","status-publish","hentry"],"_links":{"self":[{"href":"https:\/\/cardioclinicadf.com.br\/index.php?rest_route=\/wp\/v2\/pages\/10","targetHints":{"allow":["GET"]}}],"collection":[{"href":"https:\/\/cardioclinicadf.com.br\/index.php?rest_route=\/wp\/v2\/pages"}],"about":[{"href":"https:\/\/cardioclinicadf.com.br\/index.php?rest_route=\/wp\/v2\/types\/page"}],"author":[{"embeddable":true,"href":"https:\/\/cardioclinicadf.com.br\/index.php?rest_route=\/wp\/v2\/users\/1"}],"replies":[{"embeddable":true,"href":"https:\/\/cardioclinicadf.com.br\/index.php?rest_route=%2Fwp%2Fv2%2Fcomments&post=10"}],"version-history":[{"count":13,"href":"https:\/\/cardioclinicadf.com.br\/index.php?rest_route=\/wp\/v2\/pages\/10\/revisions"}],"predecessor-version":[{"id":517,"href":"https:\/\/cardioclinicadf.com.br\/index.php?rest_route=\/wp\/v2\/pages\/10\/revisions\/517"}],"wp:attachment":[{"href":"https:\/\/cardioclinicadf.com.br\/index.php?rest_route=%2Fwp%2Fv2%2Fmedia&parent=10"}],"curies":[{"name":"wp","href":"https:\/\/api.w.org\/{rel}","templated":true}]}}